{"id":15,"date":"2024-02-05T17:40:31","date_gmt":"2024-02-05T17:40:31","guid":{"rendered":"http:\/\/kohvriteater.ee\/?page_id=15"},"modified":"2026-01-13T19:29:07","modified_gmt":"2026-01-13T19:29:07","slug":"eelseisvad-etendused","status":"publish","type":"page","link":"https:\/\/kohvriteater.ee\/?page_id=15","title":{"rendered":"Hulk transpordi- ja             muid muresid j\u00e4\u00e4b \u00e4ra,"},"content":{"rendered":"\n<p>                                      <strong>          sest<\/strong><\/p>\n\n\n\n<h1 class=\"wp-block-heading has-text-align-center has-x-large-font-size\">KOHVRITEATER TULEB ise K\u00dcLLA:<\/h1>\n\n\n\n<figure class=\"wp-block-image size-large\"><img loading=\"lazy\" decoding=\"async\" width=\"1024\" height=\"400\" src=\"https:\/\/kohvriteater.ee\/wp-content\/uploads\/2026\/01\/TEATER-KOHVRIS-1024x400.png\" alt=\"\" class=\"wp-image-135\" srcset=\"https:\/\/kohvriteater.ee\/wp-content\/uploads\/2026\/01\/TEATER-KOHVRIS-1024x400.png 1024w, https:\/\/kohvriteater.ee\/wp-content\/uploads\/2026\/01\/TEATER-KOHVRIS-300x117.png 300w, https:\/\/kohvriteater.ee\/wp-content\/uploads\/2026\/01\/TEATER-KOHVRIS-768x300.png 768w, https:\/\/kohvriteater.ee\/wp-content\/uploads\/2026\/01\/TEATER-KOHVRIS-1536x601.png 1536w, https:\/\/kohvriteater.ee\/wp-content\/uploads\/2026\/01\/TEATER-KOHVRIS-2048x801.png 2048w\" sizes=\"auto, (max-width: 1024px) 100vw, 1024px\" \/><\/figure>\n\n\n\n<p>Piletihind 10\u20ac  (Kui etendusi toetab &#8220;TEATER MAAL&#8221; riiklik toetusmeede, siis          <strong>\u20ac5.oo<\/strong>. Etendus kestab 40-45min. Lastele vanuses alates artikuleeritud k\u00f5ne tekkimisest. <\/p>\n\n\n\n<p> Heino Seljamaa: \u00dcks teater, \u00fcks meistern\u00e4itleja, \u00fcksainus \u00fcllatus!<\/p>\n\n\n\n<div class=\"wp-block-group alignfull has-global-padding is-layout-constrained wp-container-core-group-is-layout-490fa1db wp-block-group-is-layout-constrained\" style=\"padding-top:var(--wp--preset--spacing--50);padding-right:var(--wp--preset--spacing--50);padding-bottom:var(--wp--preset--spacing--50);padding-left:var(--wp--preset--spacing--50)\">\n<figure class=\"wp-block-image size-full\"><img loading=\"lazy\" decoding=\"async\" width=\"815\" height=\"886\" src=\"https:\/\/kohvriteater.ee\/wp-content\/uploads\/2026\/01\/POE-REKLAAM.png\" alt=\"\" class=\"wp-image-143\" srcset=\"https:\/\/kohvriteater.ee\/wp-content\/uploads\/2026\/01\/POE-REKLAAM.png 815w, https:\/\/kohvriteater.ee\/wp-content\/uploads\/2026\/01\/POE-REKLAAM-276x300.png 276w, https:\/\/kohvriteater.ee\/wp-content\/uploads\/2026\/01\/POE-REKLAAM-768x835.png 768w\" sizes=\"auto, (max-width: 815px) 100vw, 815px\" \/><\/figure>\n\n\n\n<div class=\"wp-block-group has-global-padding is-layout-constrained wp-container-core-group-is-layout-650790e1 wp-block-group-is-layout-constrained\">\n<p><br><\/p>\n\n\n\n<div style=\"height:1.25rem\" aria-hidden=\"true\" class=\"wp-block-spacer\"><\/div>\n<\/div>\n<\/div>\n\n\n\n<p><\/p>\n\n\n\n<p><\/p>\n","protected":false},"excerpt":{"rendered":"<p>sest KOHVRITEATER TULEB ise K\u00dcLLA: Piletihind 10\u20ac (Kui etendusi toetab &#8220;TEATER MAAL&#8221; riiklik toetusmeede, siis \u20ac5.oo. Etendus kestab 40-45min. Lastele vanuses alates artikuleeritud k\u00f5ne tekkimisest. Heino Seljamaa: \u00dcks teater, \u00fcks meistern\u00e4itleja, \u00fcksainus \u00fcllatus!<\/p>\n","protected":false},"author":1,"featured_media":0,"parent":0,"menu_order":30,"comment_status":"closed","ping_status":"closed","template":"","meta":{"footnotes":""},"class_list":["post-15","page","type-page","status-publish","hentry"],"_links":{"self":[{"href":"https:\/\/kohvriteater.ee\/index.php?rest_route=\/wp\/v2\/pages\/15","targetHints":{"allow":["GET"]}}],"collection":[{"href":"https:\/\/kohvriteater.ee\/index.php?rest_route=\/wp\/v2\/pages"}],"about":[{"href":"https:\/\/kohvriteater.ee\/index.php?rest_route=\/wp\/v2\/types\/page"}],"author":[{"embeddable":true,"href":"https:\/\/kohvriteater.ee\/index.php?rest_route=\/wp\/v2\/users\/1"}],"replies":[{"embeddable":true,"href":"https:\/\/kohvriteater.ee\/index.php?rest_route=%2Fwp%2Fv2%2Fcomments&post=15"}],"version-history":[{"count":22,"href":"https:\/\/kohvriteater.ee\/index.php?rest_route=\/wp\/v2\/pages\/15\/revisions"}],"predecessor-version":[{"id":144,"href":"https:\/\/kohvriteater.ee\/index.php?rest_route=\/wp\/v2\/pages\/15\/revisions\/144"}],"wp:attachment":[{"href":"https:\/\/kohvriteater.ee\/index.php?rest_route=%2Fwp%2Fv2%2Fmedia&parent=15"}],"curies":[{"name":"wp","href":"https:\/\/api.w.org\/{rel}","templated":true}]}}