{"id":21,"date":"2024-02-05T18:13:31","date_gmt":"2024-02-05T18:13:31","guid":{"rendered":"http:\/\/kohvriteater.ee\/?page_id=21"},"modified":"2026-01-13T19:25:36","modified_gmt":"2026-01-13T19:25:36","slug":"repertuaar","status":"publish","type":"page","link":"https:\/\/kohvriteater.ee\/?page_id=21","title":{"rendered":"Repertuaar"},"content":{"rendered":"\n<div class=\"wp-block-group alignfull has-global-padding is-layout-constrained wp-container-core-group-is-layout-490fa1db wp-block-group-is-layout-constrained\" style=\"padding-top:var(--wp--preset--spacing--50);padding-right:var(--wp--preset--spacing--50);padding-bottom:var(--wp--preset--spacing--50);padding-left:var(--wp--preset--spacing--50)\">\n<div class=\"wp-block-group has-global-padding is-layout-constrained wp-container-core-group-is-layout-650790e1 wp-block-group-is-layout-constrained\">\n<h1 class=\"wp-block-heading has-text-align-center has-x-large-font-size\">Kohvriteater ja etendused<\/h1>\n\n\n\n<div style=\"height:1.25rem\" aria-hidden=\"true\" class=\"wp-block-spacer\"><\/div>\n\n\n\n<p class=\"has-text-align-center\"><strong>KOHVRITEATRI HOOAEG 2025-2026<\/strong><\/p>\n\n\n\n<p class=\"has-text-align-center\">Hea teadlase tunneb \u00e4ra sellest kas ta oskab lastele selgitada, mida ta teeb.<\/p>\n\n\n\n<figure class=\"wp-block-image size-large\"><img loading=\"lazy\" decoding=\"async\" width=\"1024\" height=\"385\" src=\"https:\/\/kohvriteater.ee\/wp-content\/uploads\/2024\/06\/Screenshot-2024-06-25-at-22.52.40-1024x385.png\" alt=\"\" class=\"wp-image-103\" srcset=\"https:\/\/kohvriteater.ee\/wp-content\/uploads\/2024\/06\/Screenshot-2024-06-25-at-22.52.40-1024x385.png 1024w, https:\/\/kohvriteater.ee\/wp-content\/uploads\/2024\/06\/Screenshot-2024-06-25-at-22.52.40-300x113.png 300w, https:\/\/kohvriteater.ee\/wp-content\/uploads\/2024\/06\/Screenshot-2024-06-25-at-22.52.40-768x289.png 768w, https:\/\/kohvriteater.ee\/wp-content\/uploads\/2024\/06\/Screenshot-2024-06-25-at-22.52.40-1536x578.png 1536w, https:\/\/kohvriteater.ee\/wp-content\/uploads\/2024\/06\/Screenshot-2024-06-25-at-22.52.40-2048x770.png 2048w\" sizes=\"auto, (max-width: 1024px) 100vw, 1024px\" \/><\/figure>\n\n\n\n<p>Kohvriteater on &#8220;\u00fchemeheteater&#8221;. K\u00f5ik lavastused on loodud<br>esitaja, Heino Seljamaa poolt. Nukuetendused lastele ja neid<br>saatvatele isikutele. Etendus kestab 40-45 min. Piletihind 10 \u20ac.<\/p>\n\n\n\n<p><\/p>\n\n\n\n<p class=\"has-text-align-center\"><mark style=\"background-color:rgba(0, 0, 0, 0)\" class=\"has-inline-color has-accent-3-color\">\u201e<strong>LOTTE\u201d<\/strong><\/mark><\/p>\n\n\n\n<p> Nukum\u00e4ng lauludega,<\/p>\n\n\n\n<p> esietendus septembris 2024 Vanemuise teatris Tartus.<br>Kunstnik,lavastaja ja esitaja: Heino Seljamaa (kujunduse idee Heiki<br>Ernits, story Janno P\u00f5ldmaa)<\/p>\n\n\n\n<p><\/p>\n\n\n\n<p class=\"has-text-align-center\"><strong><mark style=\"background-color:rgba(0, 0, 0, 0)\" class=\"has-inline-color has-accent-3-color\">\u201eOKASROOSIKE\u201d<\/mark><\/strong><\/p>\n\n\n\n<p> ( ka vene keeles, Pealkirjaga &#8220;Uinuv Kaunitar): muinasjutt nukkude ja lauludega<\/p>\n\n\n\n<p>Esietendus 1984. aastal<br>Etenduse looja, kunstnik, ja esitaja: Heino Seljamaa (Kujunduse idee Lembit Roosa, lavastus  Rein Agur ja Piret Sikkel)<\/p>\n\n\n\n<p><\/p>\n\n\n\n<p class=\"has-text-align-center\"><mark style=\"background-color:rgba(0, 0, 0, 0)\" class=\"has-inline-color has-accent-3-color\"><strong>\u201eSUUR PEETER ja V\u00c4IKE PEETER\u201d<\/strong> <\/mark><\/p>\n\n\n\n<p>muinasjutt nukkude ja laulugaEsietendus 2018. <br>Idee autor Arvo Kukum\u00e4gi, Kunstnik, lavastaja ja esitaja: Heino Seljamaa<\/p>\n\n\n\n<p><\/p>\n\n\n\n<p><\/p>\n\n\n\n<p class=\"has-text-align-center\">Nukuetendus <strong><kbd><mark style=\"background-color:rgba(0, 0, 0, 0)\" class=\"has-inline-color has-accent-3-color\">LAPSE S\u00dcNNIP\u00c4EV<\/mark><\/kbd><mark style=\"background-color:rgba(0, 0, 0, 0)\" class=\"has-inline-color has-accent-3-color\">AL<\/mark><\/strong> muudab p\u00e4eva<\/p>\n\n\n\n<p class=\"has-text-align-center\"> uskumatult soojaks ja s\u00fcdamlikuks <\/p>\n\n\n\n<div style=\"height:1.25rem\" aria-hidden=\"true\" class=\"wp-block-spacer\"><\/div>\n<\/div>\n\n\n\n<p class=\"has-text-align-center\">Kohvriteatrit toetab vahel etenduskunstide regionaalse k\u00e4ttesaadavuse toetusmeede &#8220;Teater maal&#8221; 2026.<\/p>\n\n\n\n<figure class=\"wp-block-image aligncenter size-large is-resized\"><img loading=\"lazy\" decoding=\"async\" width=\"1024\" height=\"610\" src=\"http:\/\/kohvriteater.ee\/wp-content\/uploads\/2024\/02\/rahvakultuuri_keskus_logo-1024x610.png\" alt=\"\" class=\"wp-image-43\" style=\"width:238px;height:auto\" srcset=\"https:\/\/kohvriteater.ee\/wp-content\/uploads\/2024\/02\/rahvakultuuri_keskus_logo-1024x610.png 1024w, https:\/\/kohvriteater.ee\/wp-content\/uploads\/2024\/02\/rahvakultuuri_keskus_logo-300x179.png 300w, https:\/\/kohvriteater.ee\/wp-content\/uploads\/2024\/02\/rahvakultuuri_keskus_logo-768x458.png 768w, https:\/\/kohvriteater.ee\/wp-content\/uploads\/2024\/02\/rahvakultuuri_keskus_logo-1536x915.png 1536w, https:\/\/kohvriteater.ee\/wp-content\/uploads\/2024\/02\/rahvakultuuri_keskus_logo-2048x1220.png 2048w\" sizes=\"auto, (max-width: 1024px) 100vw, 1024px\" \/><\/figure>\n<\/div>\n\n\n\n<figure class=\"wp-block-gallery has-nested-images columns-default is-cropped wp-block-gallery-1 is-layout-flex wp-block-gallery-is-layout-flex\">\n<figure class=\"wp-block-image size-large\"><img loading=\"lazy\" decoding=\"async\" width=\"1022\" height=\"1024\" data-id=\"24\" src=\"http:\/\/kohvriteater.ee\/wp-content\/uploads\/2024\/02\/avapilt-1022x1024.png\" alt=\"\" class=\"wp-image-24\" srcset=\"https:\/\/kohvriteater.ee\/wp-content\/uploads\/2024\/02\/avapilt-1022x1024.png 1022w, https:\/\/kohvriteater.ee\/wp-content\/uploads\/2024\/02\/avapilt-300x300.png 300w, https:\/\/kohvriteater.ee\/wp-content\/uploads\/2024\/02\/avapilt-150x150.png 150w, https:\/\/kohvriteater.ee\/wp-content\/uploads\/2024\/02\/avapilt-768x769.png 768w, https:\/\/kohvriteater.ee\/wp-content\/uploads\/2024\/02\/avapilt.png 1035w\" sizes=\"auto, (max-width: 1022px) 100vw, 1022px\" \/><\/figure>\n\n\n\n<figure class=\"wp-block-image size-large\"><img loading=\"lazy\" decoding=\"async\" width=\"1024\" height=\"750\" data-id=\"36\" src=\"http:\/\/kohvriteater.ee\/wp-content\/uploads\/2024\/02\/Screenshot-2024-02-05-at-20.49.48-1024x750.png\" alt=\"\" class=\"wp-image-36\" srcset=\"https:\/\/kohvriteater.ee\/wp-content\/uploads\/2024\/02\/Screenshot-2024-02-05-at-20.49.48-1024x750.png 1024w, https:\/\/kohvriteater.ee\/wp-content\/uploads\/2024\/02\/Screenshot-2024-02-05-at-20.49.48-300x220.png 300w, https:\/\/kohvriteater.ee\/wp-content\/uploads\/2024\/02\/Screenshot-2024-02-05-at-20.49.48-768x562.png 768w, https:\/\/kohvriteater.ee\/wp-content\/uploads\/2024\/02\/Screenshot-2024-02-05-at-20.49.48.png 1202w\" sizes=\"auto, (max-width: 1024px) 100vw, 1024px\" \/><\/figure>\n\n\n\n<figure class=\"wp-block-image size-large\"><img loading=\"lazy\" decoding=\"async\" width=\"1024\" height=\"477\" data-id=\"39\" src=\"http:\/\/kohvriteater.ee\/wp-content\/uploads\/2024\/02\/Screenshot-2024-02-05-at-20.49.59-1024x477.png\" alt=\"\" class=\"wp-image-39\" srcset=\"https:\/\/kohvriteater.ee\/wp-content\/uploads\/2024\/02\/Screenshot-2024-02-05-at-20.49.59-1024x477.png 1024w, https:\/\/kohvriteater.ee\/wp-content\/uploads\/2024\/02\/Screenshot-2024-02-05-at-20.49.59-300x140.png 300w, https:\/\/kohvriteater.ee\/wp-content\/uploads\/2024\/02\/Screenshot-2024-02-05-at-20.49.59-768x358.png 768w, https:\/\/kohvriteater.ee\/wp-content\/uploads\/2024\/02\/Screenshot-2024-02-05-at-20.49.59-1536x715.png 1536w, https:\/\/kohvriteater.ee\/wp-content\/uploads\/2024\/02\/Screenshot-2024-02-05-at-20.49.59-2048x954.png 2048w\" sizes=\"auto, (max-width: 1024px) 100vw, 1024px\" \/><\/figure>\n\n\n\n<figure class=\"wp-block-image size-large\"><img loading=\"lazy\" decoding=\"async\" width=\"803\" height=\"1024\" data-id=\"38\" src=\"http:\/\/kohvriteater.ee\/wp-content\/uploads\/2024\/02\/Screenshot-2024-02-05-at-20.50.11-803x1024.png\" alt=\"\" class=\"wp-image-38\" srcset=\"https:\/\/kohvriteater.ee\/wp-content\/uploads\/2024\/02\/Screenshot-2024-02-05-at-20.50.11-803x1024.png 803w, https:\/\/kohvriteater.ee\/wp-content\/uploads\/2024\/02\/Screenshot-2024-02-05-at-20.50.11-235x300.png 235w, https:\/\/kohvriteater.ee\/wp-content\/uploads\/2024\/02\/Screenshot-2024-02-05-at-20.50.11-768x979.png 768w, https:\/\/kohvriteater.ee\/wp-content\/uploads\/2024\/02\/Screenshot-2024-02-05-at-20.50.11.png 880w\" sizes=\"auto, (max-width: 803px) 100vw, 803px\" \/><\/figure>\n\n\n\n<figure class=\"wp-block-image size-large\"><img loading=\"lazy\" decoding=\"async\" width=\"1024\" height=\"977\" data-id=\"37\" src=\"http:\/\/kohvriteater.ee\/wp-content\/uploads\/2024\/02\/Screenshot-2024-02-05-at-20.50.19-1024x977.png\" alt=\"\" class=\"wp-image-37\" srcset=\"https:\/\/kohvriteater.ee\/wp-content\/uploads\/2024\/02\/Screenshot-2024-02-05-at-20.50.19-1024x977.png 1024w, https:\/\/kohvriteater.ee\/wp-content\/uploads\/2024\/02\/Screenshot-2024-02-05-at-20.50.19-300x286.png 300w, https:\/\/kohvriteater.ee\/wp-content\/uploads\/2024\/02\/Screenshot-2024-02-05-at-20.50.19-768x733.png 768w, https:\/\/kohvriteater.ee\/wp-content\/uploads\/2024\/02\/Screenshot-2024-02-05-at-20.50.19.png 1174w\" sizes=\"auto, (max-width: 1024px) 100vw, 1024px\" \/><\/figure>\n\n\n\n<figure class=\"wp-block-image size-large\"><img loading=\"lazy\" decoding=\"async\" width=\"1024\" height=\"571\" data-id=\"35\" src=\"http:\/\/kohvriteater.ee\/wp-content\/uploads\/2024\/02\/Screenshot-2024-02-05-at-20.50.28-1024x571.png\" alt=\"\" class=\"wp-image-35\" srcset=\"https:\/\/kohvriteater.ee\/wp-content\/uploads\/2024\/02\/Screenshot-2024-02-05-at-20.50.28-1024x571.png 1024w, https:\/\/kohvriteater.ee\/wp-content\/uploads\/2024\/02\/Screenshot-2024-02-05-at-20.50.28-300x167.png 300w, https:\/\/kohvriteater.ee\/wp-content\/uploads\/2024\/02\/Screenshot-2024-02-05-at-20.50.28-768x428.png 768w, https:\/\/kohvriteater.ee\/wp-content\/uploads\/2024\/02\/Screenshot-2024-02-05-at-20.50.28.png 1212w\" sizes=\"auto, (max-width: 1024px) 100vw, 1024px\" \/><\/figure>\n<\/figure>\n","protected":false},"excerpt":{"rendered":"<p>Kohvriteater ja etendused KOHVRITEATRI HOOAEG 2025-2026 Hea teadlase tunneb \u00e4ra sellest kas ta oskab lastele selgitada, mida ta teeb. Kohvriteater on &#8220;\u00fchemeheteater&#8221;. K\u00f5ik lavastused on loodudesitaja, Heino Seljamaa poolt. Nukuetendused lastele ja neidsaatvatele isikutele. Etendus kestab 40-45 min. Piletihind 10 \u20ac. \u201eLOTTE\u201d Nukum\u00e4ng lauludega, esietendus septembris 2024 Vanemuise teatris Tartus.Kunstnik,lavastaja ja esitaja: Heino Seljamaa (kujunduse [&hellip;]<\/p>\n","protected":false},"author":1,"featured_media":0,"parent":0,"menu_order":60,"comment_status":"closed","ping_status":"closed","template":"","meta":{"footnotes":""},"class_list":["post-21","page","type-page","status-publish","hentry"],"_links":{"self":[{"href":"https:\/\/kohvriteater.ee\/index.php?rest_route=\/wp\/v2\/pages\/21","targetHints":{"allow":["GET"]}}],"collection":[{"href":"https:\/\/kohvriteater.ee\/index.php?rest_route=\/wp\/v2\/pages"}],"about":[{"href":"https:\/\/kohvriteater.ee\/index.php?rest_route=\/wp\/v2\/types\/page"}],"author":[{"embeddable":true,"href":"https:\/\/kohvriteater.ee\/index.php?rest_route=\/wp\/v2\/users\/1"}],"replies":[{"embeddable":true,"href":"https:\/\/kohvriteater.ee\/index.php?rest_route=%2Fwp%2Fv2%2Fcomments&post=21"}],"version-history":[{"count":26,"href":"https:\/\/kohvriteater.ee\/index.php?rest_route=\/wp\/v2\/pages\/21\/revisions"}],"predecessor-version":[{"id":141,"href":"https:\/\/kohvriteater.ee\/index.php?rest_route=\/wp\/v2\/pages\/21\/revisions\/141"}],"wp:attachment":[{"href":"https:\/\/kohvriteater.ee\/index.php?rest_route=%2Fwp%2Fv2%2Fmedia&parent=21"}],"curies":[{"name":"wp","href":"https:\/\/api.w.org\/{rel}","templated":true}]}}